{"id":9,"date":"2026-05-15T11:28:21","date_gmt":"2026-05-15T09:28:21","guid":{"rendered":"https:\/\/vuithome.com\/?page_id=9"},"modified":"2026-05-15T11:28:21","modified_gmt":"2026-05-15T09:28:21","slug":"refund_returns","status":"publish","type":"page","link":"https:\/\/vuithome.com\/?page_id=9","title":{"rendered":"Pol\u00edtica de Devoluciones"},"content":{"rendered":"\n<p><strong>Pol\u00edtica de Devoluciones<\/strong><\/p>\n\n\n\n<p><strong>Plazo de devoluci\u00f3n<\/strong>\u00a0Aceptamos devoluciones dentro de los 30 d\u00edas naturales siguientes a la recepci\u00f3n del pedido, conforme a la legislaci\u00f3n europea de consumidores.<\/p>\n\n\n\n<p><strong>Condiciones<\/strong>&nbsp;El producto debe estar sin usar, en perfectas condiciones y con su embalaje original.<\/p>\n\n\n\n<p><strong>C\u00f3mo solicitar una devoluci\u00f3n<\/strong>&nbsp;Escr\u00edbenos a&nbsp;<a href=\"mailto:vuitatelierbarcelona@gmail.com\">vuitatelierbarcelona@gmail.com<\/a>&nbsp;indicando tu n\u00famero de pedido y el motivo de la devoluci\u00f3n. Te responderemos en 48 horas.<\/p>\n\n\n\n<p><strong>Gastos de env\u00edo<\/strong>&nbsp;Los gastos de devoluci\u00f3n corren a cargo del cliente, salvo que el producto llegue defectuoso o sea un error nuestro.<\/p>\n\n\n\n<p><strong>Reembolso<\/strong>&nbsp;Una vez recibido y verificado el producto, procesaremos el reembolso en un plazo m\u00e1ximo de 14 d\u00edas mediante el mismo m\u00e9todo de pago utilizado en la compra.<\/p>\n\n\n\n<p><strong>Productos defectuosos<\/strong>&nbsp;Si recibes un producto defectuoso o da\u00f1ado, cont\u00e1ctanos inmediatamente con fotos del desperfecto y lo solucionaremos sin coste adicional.<\/p>\n\n\n\n<p><strong>Contacto<\/strong>\u00a0<a href=\"mailto:vuitatelierbarcelona@gmail.com\">vuitatelierbarcelona@gmail.com<\/a>\u00a0<\/p>\n\n\n\n<p><\/p>\n","protected":false},"excerpt":{"rendered":"<p>Pol\u00edtica de Devoluciones Plazo de devoluci\u00f3n\u00a0Aceptamos devoluciones dentro de los 30 d\u00edas naturales siguientes a la recepci\u00f3n del pedido, conforme a la legislaci\u00f3n europea de consumidores. Condiciones&nbsp;El producto debe estar sin usar, en perfectas condiciones y con su embalaje original. C\u00f3mo solicitar una devoluci\u00f3n&nbsp;Escr\u00edbenos a&nbsp;vuitatelierbarcelona@gmail.com&nbsp;indicando tu n\u00famero de pedido y el motivo de la devoluci\u00f3n. [&hellip;]<\/p>\n","protected":false},"author":1,"featured_media":0,"parent":0,"menu_order":0,"comment_status":"closed","ping_status":"closed","template":"","meta":{"footnotes":""},"class_list":["post-9","page","type-page","status-publish","hentry"],"yoast_head":"<!-- This site is optimized with the Yoast SEO plugin v27.6 - https:\/\/yoast.com\/product\/yoast-seo-wordpress\/ -->\n<title>Pol\u00edtica de Devoluciones - Vuithome.com<\/title>\n<meta name=\"robots\" content=\"index, follow, max-snippet:-1, max-image-preview:large, max-video-preview:-1\" \/>\n<link rel=\"canonical\" href=\"https:\/\/vuithome.com\/?page_id=9\" \/>\n<meta property=\"og:locale\" content=\"es_ES\" \/>\n<meta property=\"og:type\" content=\"article\" \/>\n<meta property=\"og:title\" content=\"Pol\u00edtica de Devoluciones - Vuithome.com\" \/>\n<meta property=\"og:description\" content=\"Pol\u00edtica de Devoluciones Plazo de devoluci\u00f3n\u00a0Aceptamos devoluciones dentro de los 30 d\u00edas naturales siguientes a la recepci\u00f3n del pedido, conforme a la legislaci\u00f3n europea de consumidores. Condiciones&nbsp;El producto debe estar sin usar, en perfectas condiciones y con su embalaje original. C\u00f3mo solicitar una devoluci\u00f3n&nbsp;Escr\u00edbenos a&nbsp;vuitatelierbarcelona@gmail.com&nbsp;indicando tu n\u00famero de pedido y el motivo de la devoluci\u00f3n. [&hellip;]\" \/>\n<meta property=\"og:url\" content=\"https:\/\/vuithome.com\/?page_id=9\" \/>\n<meta property=\"og:site_name\" content=\"Vuithome.com\" \/>\n<meta name=\"twitter:card\" content=\"summary_large_image\" \/>\n<meta name=\"twitter:label1\" content=\"Tiempo de lectura\" \/>\n\t<meta name=\"twitter:data1\" content=\"1 minuto\" \/>\n<script type=\"application\/ld+json\" class=\"yoast-schema-graph\">{\"@context\":\"https:\\\/\\\/schema.org\",\"@graph\":[{\"@type\":\"WebPage\",\"@id\":\"https:\\\/\\\/vuithome.com\\\/?page_id=9\",\"url\":\"https:\\\/\\\/vuithome.com\\\/?page_id=9\",\"name\":\"Pol\u00edtica de Devoluciones - Vuithome.com\",\"isPartOf\":{\"@id\":\"https:\\\/\\\/vuithomecom-132922a.ingress-haven.ewp.live\\\/#website\"},\"datePublished\":\"2026-05-15T09:28:21+00:00\",\"breadcrumb\":{\"@id\":\"https:\\\/\\\/vuithome.com\\\/?page_id=9#breadcrumb\"},\"inLanguage\":\"es\",\"potentialAction\":[{\"@type\":\"ReadAction\",\"target\":[\"https:\\\/\\\/vuithome.com\\\/?page_id=9\"]}]},{\"@type\":\"BreadcrumbList\",\"@id\":\"https:\\\/\\\/vuithome.com\\\/?page_id=9#breadcrumb\",\"itemListElement\":[{\"@type\":\"ListItem\",\"position\":1,\"name\":\"Home\",\"item\":\"https:\\\/\\\/vuithome.com\\\/\"},{\"@type\":\"ListItem\",\"position\":2,\"name\":\"Pol\u00edtica de Devoluciones\"}]},{\"@type\":\"WebSite\",\"@id\":\"https:\\\/\\\/vuithomecom-132922a.ingress-haven.ewp.live\\\/#website\",\"url\":\"https:\\\/\\\/vuithomecom-132922a.ingress-haven.ewp.live\\\/\",\"name\":\"Vuithome.com\",\"description\":\"home \u00b7 earth \u00b7 love \u00b7 Barcelona\",\"potentialAction\":[{\"@type\":\"SearchAction\",\"target\":{\"@type\":\"EntryPoint\",\"urlTemplate\":\"https:\\\/\\\/vuithomecom-132922a.ingress-haven.ewp.live\\\/?s={search_term_string}\"},\"query-input\":{\"@type\":\"PropertyValueSpecification\",\"valueRequired\":true,\"valueName\":\"search_term_string\"}}],\"inLanguage\":\"es\"}]}<\/script>\n<!-- \/ Yoast SEO plugin. -->","yoast_head_json":{"title":"Pol\u00edtica de Devoluciones - Vuithome.com","robots":{"index":"index","follow":"follow","max-snippet":"max-snippet:-1","max-image-preview":"max-image-preview:large","max-video-preview":"max-video-preview:-1"},"canonical":"https:\/\/vuithome.com\/?page_id=9","og_locale":"es_ES","og_type":"article","og_title":"Pol\u00edtica de Devoluciones - Vuithome.com","og_description":"Pol\u00edtica de Devoluciones Plazo de devoluci\u00f3n\u00a0Aceptamos devoluciones dentro de los 30 d\u00edas naturales siguientes a la recepci\u00f3n del pedido, conforme a la legislaci\u00f3n europea de consumidores. Condiciones&nbsp;El producto debe estar sin usar, en perfectas condiciones y con su embalaje original. C\u00f3mo solicitar una devoluci\u00f3n&nbsp;Escr\u00edbenos a&nbsp;vuitatelierbarcelona@gmail.com&nbsp;indicando tu n\u00famero de pedido y el motivo de la devoluci\u00f3n. [&hellip;]","og_url":"https:\/\/vuithome.com\/?page_id=9","og_site_name":"Vuithome.com","twitter_card":"summary_large_image","twitter_misc":{"Tiempo de lectura":"1 minuto"},"schema":{"@context":"https:\/\/schema.org","@graph":[{"@type":"WebPage","@id":"https:\/\/vuithome.com\/?page_id=9","url":"https:\/\/vuithome.com\/?page_id=9","name":"Pol\u00edtica de Devoluciones - Vuithome.com","isPartOf":{"@id":"https:\/\/vuithomecom-132922a.ingress-haven.ewp.live\/#website"},"datePublished":"2026-05-15T09:28:21+00:00","breadcrumb":{"@id":"https:\/\/vuithome.com\/?page_id=9#breadcrumb"},"inLanguage":"es","potentialAction":[{"@type":"ReadAction","target":["https:\/\/vuithome.com\/?page_id=9"]}]},{"@type":"BreadcrumbList","@id":"https:\/\/vuithome.com\/?page_id=9#breadcrumb","itemListElement":[{"@type":"ListItem","position":1,"name":"Home","item":"https:\/\/vuithome.com\/"},{"@type":"ListItem","position":2,"name":"Pol\u00edtica de Devoluciones"}]},{"@type":"WebSite","@id":"https:\/\/vuithomecom-132922a.ingress-haven.ewp.live\/#website","url":"https:\/\/vuithomecom-132922a.ingress-haven.ewp.live\/","name":"Vuithome.com","description":"home \u00b7 earth \u00b7 love \u00b7 Barcelona","potentialAction":[{"@type":"SearchAction","target":{"@type":"EntryPoint","urlTemplate":"https:\/\/vuithomecom-132922a.ingress-haven.ewp.live\/?s={search_term_string}"},"query-input":{"@type":"PropertyValueSpecification","valueRequired":true,"valueName":"search_term_string"}}],"inLanguage":"es"}]}},"_links":{"self":[{"href":"https:\/\/vuithome.com\/index.php?rest_route=\/wp\/v2\/pages\/9","targetHints":{"allow":["GET"]}}],"collection":[{"href":"https:\/\/vuithome.com\/index.php?rest_route=\/wp\/v2\/pages"}],"about":[{"href":"https:\/\/vuithome.com\/index.php?rest_route=\/wp\/v2\/types\/page"}],"author":[{"embeddable":true,"href":"https:\/\/vuithome.com\/index.php?rest_route=\/wp\/v2\/users\/1"}],"replies":[{"embeddable":true,"href":"https:\/\/vuithome.com\/index.php?rest_route=%2Fwp%2Fv2%2Fcomments&post=9"}],"version-history":[{"count":1,"href":"https:\/\/vuithome.com\/index.php?rest_route=\/wp\/v2\/pages\/9\/revisions"}],"predecessor-version":[{"id":50,"href":"https:\/\/vuithome.com\/index.php?rest_route=\/wp\/v2\/pages\/9\/revisions\/50"}],"wp:attachment":[{"href":"https:\/\/vuithome.com\/index.php?rest_route=%2Fwp%2Fv2%2Fmedia&parent=9"}],"curies":[{"name":"wp","href":"https:\/\/api.w.org\/{rel}","templated":true}]}}