{"id":3,"date":"2026-05-13T07:01:47","date_gmt":"2026-05-13T07:01:47","guid":{"rendered":"https:\/\/vuithome.com\/?page_id=3"},"modified":"2026-05-15T11:24:21","modified_gmt":"2026-05-15T09:24:21","slug":"politica-de-privacidad","status":"publish","type":"page","link":"https:\/\/vuithome.com\/?page_id=3","title":{"rendered":"Pol\u00edtica de Privacidad"},"content":{"rendered":"\n<p><strong>Responsable del tratamiento<\/strong>\u00a0Vuit Atelier Barcelona S.L. <\/p>\n\n\n\n<p> \u00a0<a href=\"mailto:vuitatelierbarcelona@gmail.com\">vuitatelierbarcelona@gmail.com<\/a><\/p>\n\n\n\n<p><strong>Datos que recogemos<\/strong>&nbsp;Nombre, direcci\u00f3n de env\u00edo, correo electr\u00f3nico y datos de pago al realizar un pedido.<\/p>\n\n\n\n<p><strong>Finalidad<\/strong>&nbsp;Gestionar tu pedido, enviarte confirmaciones y atender consultas.<\/p>\n\n\n\n<p><strong>Conservaci\u00f3n<\/strong>&nbsp;Los datos se conservan durante el tiempo legalmente necesario.<\/p>\n\n\n\n<p><strong>Tus derechos<\/strong>&nbsp;Puedes acceder, rectificar o suprimir tus datos escribiendo a&nbsp;<a href=\"mailto:vuitatelierbarcelona@gmail.com\">vuitatelierbarcelona@gmail.com<\/a>.<\/p>\n\n\n\n<p><strong>Cookies<\/strong>&nbsp;Esta web utiliza cookies t\u00e9cnicas necesarias para su funcionamiento y cookies de an\u00e1lisis para mejorar la experiencia de usuario.<\/p>\n\n\n\n<p><\/p>\n","protected":false},"excerpt":{"rendered":"<p>Responsable del tratamiento\u00a0Vuit Atelier Barcelona S.L. \u00a0vuitatelierbarcelona@gmail.com Datos que recogemos&nbsp;Nombre, direcci\u00f3n de env\u00edo, correo electr\u00f3nico y datos de pago al realizar un pedido. Finalidad&nbsp;Gestionar tu pedido, enviarte confirmaciones y atender consultas. Conservaci\u00f3n&nbsp;Los datos se conservan durante el tiempo legalmente necesario. Tus derechos&nbsp;Puedes acceder, rectificar o suprimir tus datos escribiendo a&nbsp;vuitatelierbarcelona@gmail.com. Cookies&nbsp;Esta web utiliza cookies t\u00e9cnicas [&hellip;]<\/p>\n","protected":false},"author":1,"featured_media":0,"parent":0,"menu_order":0,"comment_status":"closed","ping_status":"closed","template":"","meta":{"footnotes":""},"class_list":["post-3","page","type-page","status-publish","hentry"],"yoast_head":"<!-- This site is optimized with the Yoast SEO plugin v27.6 - https:\/\/yoast.com\/product\/yoast-seo-wordpress\/ -->\n<title>Pol\u00edtica de Privacidad - Vuithome.com<\/title>\n<meta name=\"robots\" content=\"index, follow, max-snippet:-1, max-image-preview:large, max-video-preview:-1\" \/>\n<link rel=\"canonical\" href=\"https:\/\/vuithome.com\/?page_id=3\" \/>\n<meta property=\"og:locale\" content=\"es_ES\" \/>\n<meta property=\"og:type\" content=\"article\" \/>\n<meta property=\"og:title\" content=\"Pol\u00edtica de Privacidad - Vuithome.com\" \/>\n<meta property=\"og:description\" content=\"Responsable del tratamiento\u00a0Vuit Atelier Barcelona S.L. \u00a0vuitatelierbarcelona@gmail.com Datos que recogemos&nbsp;Nombre, direcci\u00f3n de env\u00edo, correo electr\u00f3nico y datos de pago al realizar un pedido. Finalidad&nbsp;Gestionar tu pedido, enviarte confirmaciones y atender consultas. Conservaci\u00f3n&nbsp;Los datos se conservan durante el tiempo legalmente necesario. Tus derechos&nbsp;Puedes acceder, rectificar o suprimir tus datos escribiendo a&nbsp;vuitatelierbarcelona@gmail.com. Cookies&nbsp;Esta web utiliza cookies t\u00e9cnicas [&hellip;]\" \/>\n<meta property=\"og:url\" content=\"https:\/\/vuithome.com\/?page_id=3\" \/>\n<meta property=\"og:site_name\" content=\"Vuithome.com\" \/>\n<meta property=\"article:modified_time\" content=\"2026-05-15T09:24:21+00:00\" \/>\n<meta name=\"twitter:card\" content=\"summary_large_image\" \/>\n<meta name=\"twitter:label1\" content=\"Tiempo de lectura\" \/>\n\t<meta name=\"twitter:data1\" content=\"1 minuto\" \/>\n<script type=\"application\/ld+json\" class=\"yoast-schema-graph\">{\"@context\":\"https:\\\/\\\/schema.org\",\"@graph\":[{\"@type\":\"WebPage\",\"@id\":\"https:\\\/\\\/vuithome.com\\\/?page_id=3\",\"url\":\"https:\\\/\\\/vuithome.com\\\/?page_id=3\",\"name\":\"Pol\u00edtica de Privacidad - Vuithome.com\",\"isPartOf\":{\"@id\":\"https:\\\/\\\/vuithomecom-132922a.ingress-haven.ewp.live\\\/#website\"},\"datePublished\":\"2026-05-13T07:01:47+00:00\",\"dateModified\":\"2026-05-15T09:24:21+00:00\",\"breadcrumb\":{\"@id\":\"https:\\\/\\\/vuithome.com\\\/?page_id=3#breadcrumb\"},\"inLanguage\":\"es\",\"potentialAction\":[{\"@type\":\"ReadAction\",\"target\":[\"https:\\\/\\\/vuithome.com\\\/?page_id=3\"]}]},{\"@type\":\"BreadcrumbList\",\"@id\":\"https:\\\/\\\/vuithome.com\\\/?page_id=3#breadcrumb\",\"itemListElement\":[{\"@type\":\"ListItem\",\"position\":1,\"name\":\"Home\",\"item\":\"https:\\\/\\\/vuithome.com\\\/\"},{\"@type\":\"ListItem\",\"position\":2,\"name\":\"Pol\u00edtica de Privacidad\"}]},{\"@type\":\"WebSite\",\"@id\":\"https:\\\/\\\/vuithomecom-132922a.ingress-haven.ewp.live\\\/#website\",\"url\":\"https:\\\/\\\/vuithomecom-132922a.ingress-haven.ewp.live\\\/\",\"name\":\"Vuithome.com\",\"description\":\"home \u00b7 earth \u00b7 love \u00b7 Barcelona\",\"potentialAction\":[{\"@type\":\"SearchAction\",\"target\":{\"@type\":\"EntryPoint\",\"urlTemplate\":\"https:\\\/\\\/vuithomecom-132922a.ingress-haven.ewp.live\\\/?s={search_term_string}\"},\"query-input\":{\"@type\":\"PropertyValueSpecification\",\"valueRequired\":true,\"valueName\":\"search_term_string\"}}],\"inLanguage\":\"es\"}]}<\/script>\n<!-- \/ Yoast SEO plugin. -->","yoast_head_json":{"title":"Pol\u00edtica de Privacidad - Vuithome.com","robots":{"index":"index","follow":"follow","max-snippet":"max-snippet:-1","max-image-preview":"max-image-preview:large","max-video-preview":"max-video-preview:-1"},"canonical":"https:\/\/vuithome.com\/?page_id=3","og_locale":"es_ES","og_type":"article","og_title":"Pol\u00edtica de Privacidad - Vuithome.com","og_description":"Responsable del tratamiento\u00a0Vuit Atelier Barcelona S.L. \u00a0vuitatelierbarcelona@gmail.com Datos que recogemos&nbsp;Nombre, direcci\u00f3n de env\u00edo, correo electr\u00f3nico y datos de pago al realizar un pedido. Finalidad&nbsp;Gestionar tu pedido, enviarte confirmaciones y atender consultas. Conservaci\u00f3n&nbsp;Los datos se conservan durante el tiempo legalmente necesario. Tus derechos&nbsp;Puedes acceder, rectificar o suprimir tus datos escribiendo a&nbsp;vuitatelierbarcelona@gmail.com. Cookies&nbsp;Esta web utiliza cookies t\u00e9cnicas [&hellip;]","og_url":"https:\/\/vuithome.com\/?page_id=3","og_site_name":"Vuithome.com","article_modified_time":"2026-05-15T09:24:21+00:00","twitter_card":"summary_large_image","twitter_misc":{"Tiempo de lectura":"1 minuto"},"schema":{"@context":"https:\/\/schema.org","@graph":[{"@type":"WebPage","@id":"https:\/\/vuithome.com\/?page_id=3","url":"https:\/\/vuithome.com\/?page_id=3","name":"Pol\u00edtica de Privacidad - Vuithome.com","isPartOf":{"@id":"https:\/\/vuithomecom-132922a.ingress-haven.ewp.live\/#website"},"datePublished":"2026-05-13T07:01:47+00:00","dateModified":"2026-05-15T09:24:21+00:00","breadcrumb":{"@id":"https:\/\/vuithome.com\/?page_id=3#breadcrumb"},"inLanguage":"es","potentialAction":[{"@type":"ReadAction","target":["https:\/\/vuithome.com\/?page_id=3"]}]},{"@type":"BreadcrumbList","@id":"https:\/\/vuithome.com\/?page_id=3#breadcrumb","itemListElement":[{"@type":"ListItem","position":1,"name":"Home","item":"https:\/\/vuithome.com\/"},{"@type":"ListItem","position":2,"name":"Pol\u00edtica de Privacidad"}]},{"@type":"WebSite","@id":"https:\/\/vuithomecom-132922a.ingress-haven.ewp.live\/#website","url":"https:\/\/vuithomecom-132922a.ingress-haven.ewp.live\/","name":"Vuithome.com","description":"home \u00b7 earth \u00b7 love \u00b7 Barcelona","potentialAction":[{"@type":"SearchAction","target":{"@type":"EntryPoint","urlTemplate":"https:\/\/vuithomecom-132922a.ingress-haven.ewp.live\/?s={search_term_string}"},"query-input":{"@type":"PropertyValueSpecification","valueRequired":true,"valueName":"search_term_string"}}],"inLanguage":"es"}]}},"_links":{"self":[{"href":"https:\/\/vuithome.com\/index.php?rest_route=\/wp\/v2\/pages\/3","targetHints":{"allow":["GET"]}}],"collection":[{"href":"https:\/\/vuithome.com\/index.php?rest_route=\/wp\/v2\/pages"}],"about":[{"href":"https:\/\/vuithome.com\/index.php?rest_route=\/wp\/v2\/types\/page"}],"author":[{"embeddable":true,"href":"https:\/\/vuithome.com\/index.php?rest_route=\/wp\/v2\/users\/1"}],"replies":[{"embeddable":true,"href":"https:\/\/vuithome.com\/index.php?rest_route=%2Fwp%2Fv2%2Fcomments&post=3"}],"version-history":[{"count":3,"href":"https:\/\/vuithome.com\/index.php?rest_route=\/wp\/v2\/pages\/3\/revisions"}],"predecessor-version":[{"id":49,"href":"https:\/\/vuithome.com\/index.php?rest_route=\/wp\/v2\/pages\/3\/revisions\/49"}],"wp:attachment":[{"href":"https:\/\/vuithome.com\/index.php?rest_route=%2Fwp%2Fv2%2Fmedia&parent=3"}],"curies":[{"name":"wp","href":"https:\/\/api.w.org\/{rel}","templated":true}]}}